{"id":444,"date":"2024-03-13T03:47:20","date_gmt":"2024-03-13T03:47:20","guid":{"rendered":"https:\/\/replica.dovatravel.com\/?page_id=444"},"modified":"2024-03-13T04:08:34","modified_gmt":"2024-03-13T04:08:34","slug":"398-2-3","status":"publish","type":"page","link":"https:\/\/replica.dovatravel.com\/index.php\/398-2-3\/","title":{"rendered":"OAXACA BASICO"},"content":{"rendered":"\n<div class=\"wp-block-cover alignfull is-light has-large-font-size\" style=\"margin-top:0px;margin-bottom:0px;min-height:608px\"><span aria-hidden=\"true\" class=\"wp-block-cover__background has-background-dim-0 has-background-dim\"><\/span><img loading=\"lazy\" decoding=\"async\" width=\"2560\" height=\"1920\" class=\"wp-block-cover__image-background wp-image-279\" alt=\"\" src=\"https:\/\/replica.dovatravel.com\/wp-content\/uploads\/2024\/02\/abraham-de-la-cruz-BsTvOmCrFeA-unsplash-scaled.jpg\" data-object-fit=\"cover\" srcset=\"https:\/\/replica.dovatravel.com\/wp-content\/uploads\/2024\/02\/abraham-de-la-cruz-BsTvOmCrFeA-unsplash-scaled.jpg 2560w, https:\/\/replica.dovatravel.com\/wp-content\/uploads\/2024\/02\/abraham-de-la-cruz-BsTvOmCrFeA-unsplash-300x225.jpg 300w, https:\/\/replica.dovatravel.com\/wp-content\/uploads\/2024\/02\/abraham-de-la-cruz-BsTvOmCrFeA-unsplash-1024x768.jpg 1024w, https:\/\/replica.dovatravel.com\/wp-content\/uploads\/2024\/02\/abraham-de-la-cruz-BsTvOmCrFeA-unsplash-768x576.jpg 768w, https:\/\/replica.dovatravel.com\/wp-content\/uploads\/2024\/02\/abraham-de-la-cruz-BsTvOmCrFeA-unsplash-1536x1152.jpg 1536w, https:\/\/replica.dovatravel.com\/wp-content\/uploads\/2024\/02\/abraham-de-la-cruz-BsTvOmCrFeA-unsplash-2048x1536.jpg 2048w\" sizes=\"(max-width: 2560px) 100vw, 2560px\" \/><div class=\"wp-block-cover__inner-container is-layout-flow wp-block-cover-is-layout-flow\">\n<div class=\"wp-block-group has-global-padding is-layout-constrained wp-container-core-group-layout-2 wp-block-group-is-layout-constrained\">\n<div class=\"wp-block-group alignwide has-global-padding is-content-justification-left is-layout-constrained wp-container-core-group-layout-1 wp-block-group-is-layout-constrained\">\n<h1 class=\"wp-block-heading has-xxxx-large-font-size\" style=\"margin-top:16px;margin-right:0px;margin-bottom:0px;margin-left:0px;line-height:1;color:#fff;\">5 D\u00edas 4 Noches<\/h1>\n\n\n\n<p class=\"has-text-color has-medium-font-size\" style=\"color:#ffffffcc;margin-top:24px;margin-right:0;margin-bottom:0px;margin-left:0;letter-spacing:-0.02em;line-height:1.8\">DESDE $16,025 por dos personas en habitaci\u00f3n doble (2X1)<\/p>\n\n\n\n<div class=\"wp-block-buttons is-layout-flex wp-block-buttons-is-layout-flex\" style=\"margin-top:48px;margin-bottom:0px\">\n<div class=\"wp-block-button has-custom-font-size is-style-bs-button-1 is-style-blockscape-button-icon-after\" style=\"font-size:18px;line-height:1.7\"><a class=\"wp-block-button__link wp-element-button\" href=\"https:\/\/wa.me\/+523332437943\" style=\"padding-top:16px;padding-right:32px;padding-bottom:16px;padding-left:32px\" target=\"_blank\" rel=\"noreferrer noopener\">Reserva aqu\u00ed<\/a><\/div>\n<\/div>\n<\/div>\n<\/div>\n<\/div><\/div>\n\n\n\n<div class=\"wp-block-group is-style-mob-pd_top-40 is-style-mob-pd_lr-25 has-primary-blue-gradient-background has-background has-global-padding is-layout-constrained wp-block-group-is-layout-constrained\" style=\"border-radius:12px;padding-top:80px;padding-right:64px;padding-bottom:0px;padding-left:64px\">\n<div class=\"wp-block-group has-global-padding is-content-justification-center is-layout-constrained wp-block-group-is-layout-constrained\" style=\"padding-top:0;padding-right:0;padding-bottom:0;padding-left:0\">\n<!DOCTYPE html>\n<html lang=\"es\">\n<head>\n    <meta charset=\"UTF-8\">\n    <meta name=\"viewport\" content=\"width=device-width, initial-scale=1.0\">\n    <title>Itinerario de Viaje<\/title>\n    <style>\n        body {\n            font-family: Arial, sans-serif;\n            background-color: #f2f2f2;\n            margin: 0;\n            padding: 0;\n        }\n        \n        .container {\n            max-width: 900px; \/* Aumentamos el ancho *\/\n            margin: 20px auto;\n            padding: 20px;\n            background: #fff;\n            border-radius: 8px;\n            box-shadow: 0 0 10px rgba(0, 0, 0, 0.1);\n            color: #333;\n        }\n        \n        h1 {\n            color: #007bff;\n            text-align: center;\n            margin-bottom: 20px;\n            font-size: 32px;\n        }\n        \n        .day {\n            margin-bottom: 30px;\n        }\n        \n        .day-title {\n            color: #007bff;\n            font-size: 24px;\n            margin-top: 0;\n            margin-bottom: 10px;\n        }\n        \n        p {\n            margin-bottom: 10px;\n            font-size: 16px;\n            line-height: 1.6;\n        }\n        \n        .includes {\n            background: #f9f9f9;\n            color: #333;\n            padding: 20px;\n            border-radius: 8px;\n            box-shadow: 0 0 10px rgba(0, 0, 0, 0.1);\n        }\n        \n        .includes h2 {\n            color: #007bff;\n            font-size: 20px;\n            margin-top: 0;\n            margin-bottom: 10px;\n        }\n        \n        .includes ul {\n            list-style-type: none;\n            padding: 0;\n            margin: 0;\n        }\n        \n        .includes ul li {\n            margin-bottom: 10px;\n            font-size: 16px;\n        }\n    <\/style>\n<\/head>\n<body>\n    <div class=\"container\">\n        <h1>Itinerario de Viaje<\/h1>\n        \n        <div class=\"day\">\n            <h2 class=\"day-title\">D\u00cdA 01. &#8211; PICK UP APTO Y TRASLADO AL HOTEL.<\/h2>\n            <p>Recepci\u00f3n al aeropuerto de la ciudad de Oaxaca en el horario indicado y traslado al hotel, el resto del d\u00eda ser\u00e1 libre.<\/p>\n        <\/div>\n        \n        <div class=\"day\">\n            <h2 class=\"day-title\">D\u00cdA 02 _ SNTA. MA. EL TULE \u2013 TEOTITL\u00c1N \u2013 MITLA \u2013 HIERVE EL AGUA.<\/h2>\n            <p>Salida: 08:00 A 08:30 AM Regreso al hotel: 07:00 PM<\/p>\n            <p>Este d\u00eda conoceremos el milenario \u00c1rbol del Tule, con una altura de m\u00e1s de 52 metros y un grosor de m\u00e1s de 42 metros, que lo hace el \u00e1rbol de m\u00e1s di\u00e1metro en el mundo. El siguiente punto es Teotitl\u00e1n del Valle, donde conocer\u00e1s el proceso de elaboraci\u00f3n de tejidos prehisp\u00e1nicos con telar de pedal y sabr\u00e1s los secretos de te\u00f1ido de sus tapetes con base a la grana cochinilla. La siguiente parada es la zona arqueol\u00f3gica de Mitla, donde nos espera adentrarnos en la enigm\u00e1tica \u201cciudad de los muertos\u201d y un precioso tesoro arquitect\u00f3nico; descubriremos el secreto de su construcci\u00f3n, sus tumbas, sus grecas y se parte de la historia de la piedra del amor y la columna de la vida. Continuando con esta excursi\u00f3n procederemos a trasladarnos a Hierve el Agua, un sistema de cascadas petrificadas \u00fanicas en Am\u00e9rica, recorrer\u00e1s sus miradores y podr\u00e1s nadar en sus pozos de agua salinas cuya funci\u00f3n era antes un sistema de riesgo prehisp\u00e1nico. M\u00e1s adelante en la siguiente parada haremos un recorrido donde se explicar\u00e1 el proceso de fabricaci\u00f3n del mezcal artesanal, conociendo lo m\u00e1s importante de esta bebida ancestral, donde al final degustaremos de una prueba de mezcal.<\/p>\n        <\/div>\n        \n        <div class=\"day\">\n            <h2 class=\"day-title\">D\u00cdA 03_ MONTE ALB\u00c1N\u2013 ARRAZOLA \u2013 CUILAPAM \u2013 COYOTEPEC.<\/h2>\n            <p>Salida: 08:00 A 08:30 AM Regreso al hotel: 06:30 PM<\/p>\n            <p>Reconocido como Patrimonio de la Humanidad por la Unesco, es uno de los yacimientos de vida m\u00e1s importantes del valle de Oaxaca. Monte Alb\u00e1n es una zona arqueol\u00f3gica ubicada en el coraz\u00f3n de la ciudad, visitaremos sus basamentos arqueol\u00f3gicos, los templos y los altares, adem\u00e1s de las estructuras residenciales, todo ello construido en torno a la Gran Plaza rectangular, una amplia zona abierta en la meseta allanada. La siguiente parada ser\u00e1 en Arrazola, donde visitaremos un museo de alebrijes conocer\u00e1s la historia y el proceso de elaboraci\u00f3n de est\u00e1s formidables figuras artesanales. El siguiente punto es en Cuilapam de Guerrero, un monasterio dominicano del siglo XVI, lugar donde el General Vicente Guerrero fue fusilado y la princesa Donaj\u00ed fue enterrada. Podr\u00e1s enamorarte de su impresionante estructura arquitect\u00f3nica empezando por su capilla abierta (por fuera), para refrescarnos un poco visitaremos un mercado donde elaboran nieves artesanales degustando m\u00e1s de 8 sabores diferentes. Por ultimo visitaremos San Bartolo Coyotepec, lugar del barro negro, mundialmente famoso por las hermosas formas que se pueden moldear con esta arcilla. Grandes artistas del medio del espect\u00e1culo han visitado este hermoso lugar y este taller donde las manos artesanas se lucen para producir tan hermosas estructuras de cer\u00e1mica y alta alfarer\u00eda.<\/p>\n        <\/div>\n        \n        <div class=\"day\">\n            <h2 class=\"day-title\">D\u00cdA 04_ SAN MARTIN TILCAJETE- JALIETZA-SAN ANTONIO CASTILLO.<\/h2>\n            <p>Salida: 08:00 am Regreso al hotel: 07:00 pm<\/p>\n            <p>Por la ma\u00f1ana nos dirigiremos a una experiencia diferente, este d\u00eda nos recibe el pueblo de artesanos dedicados a los alebrijes modernos por excelencia San Martin Tilcajete, este destino mundialmente conocido por ser el centro de inspiraci\u00f3n de la Pel\u00edcula Coco de Pixar, en donde nos cuentan de la importancia de la tradici\u00f3n de \u201cD\u00eda de Muertos\u201d y los m\u00edticos Alebrijes, estas formas caprichosas elaboradas con madera de Copal est\u00e1n talladas y pintadas manualmente y la combinaci\u00f3n de sus colores es simplemente hipnotizante; as\u00ed mismo podr\u00e1s adquirir un alebrije para poder pintarlo y vivir tu propia experiencia. Tambi\u00e9n conocer\u00e1s tu Tona, que es tu animal m\u00edtico y protector, esto de acuerdo a la cultura zapoteca. Posteriormente nos dirigiremos a Jalietza, pueblo cuyo nombre significa en zapoteco \u201cabajo de la iglesia\u201d, en el que se elabora una gran variedad de bordados y tejidos con telar de cintura. Recorreremos San Antonino Castillo Velasco, lugar de los vestidos t\u00edpicos oaxaque\u00f1os.<\/p>\n        <\/div>\n        \n        <div class=\"day\">\n            <h2 class=\"day-title\">D\u00cdA 05- TRASLADO AL AEROPUERTO DE AOXACA<\/h2>\n            <p>Este d\u00eda finalizamos con el traslado al aeropuerto de la ciudad de Oaxaca en el horario indicado, concluyendo as\u00ed nuestros servicios.<\/p>\n        <\/div>\n        \n        <div class=\"includes\">\n            <h2>Incluye<\/h2>\n            <ul>\n                <li>Recepci\u00f3n aeropuerto Oaxaca<\/li>\n                <li>Traslado al aeropuerto Oaxaca<\/li>\n                <li>4 noches de hospedaje en base doble<\/li>\n                <li>4 desayunos americanos<\/li>\n                <li>Entrada a los sitios a visitar<\/li>\n                <li>Transporte modalidad compartida<\/li>\n                <li>Chofer coordinador o gu\u00eda certificado<\/li>\n                <li>Seguro b\u00e1sico de pasajero dentro de la unidad<\/li>\n            <\/ul>\n        <\/div>\n    <\/div>\n<\/body>\n<\/html>\n\n\n\n<p class=\"has-text-align-left has-white-color has-text-color has-x-large-font-size\" style=\"margin-top:0px;margin-right:0px;margin-bottom:0px;margin-left:0px;line-height:1.3\"> <\/p>\n\n\n\n<div class=\"wp-block-columns is-layout-flex wp-container-core-columns-layout-1 wp-block-columns-is-layout-flex\">\n<div class=\"wp-block-column is-vertically-aligned-center is-layout-flow wp-block-column-is-layout-flow\" style=\"flex-basis:45%\"><\/div>\n<\/div>\n<\/div>\n<\/div>\n\n\n\n<div class=\"wp-block-group alignwide is-layout-flow wp-block-group-is-layout-flow\" style=\"margin-top:0px;margin-bottom:0px;padding-top:0px;padding-right:24px;padding-bottom:0px;padding-left:24px\">\n<div class=\"wp-block-columns is-layout-flex wp-container-core-columns-layout-2 wp-block-columns-is-layout-flex\" style=\"margin-top:0px;margin-bottom:0px;padding-top:0px;padding-right:0px;padding-bottom:0px;padding-left:0px\">\n<div class=\"wp-block-column is-layout-flow wp-block-column-is-layout-flow\" style=\"border-top-style:none;border-top-width:0px;border-right-color:var(--wp--preset--color--section-bg);border-right-width:1px;border-bottom-style:none;border-bottom-width:0px;border-left-style:none;border-left-width:0px;padding-top:0px;padding-right:72px;padding-bottom:0px;padding-left:0px\">\n<div class=\"wp-block-group has-global-padding is-layout-constrained wp-block-group-is-layout-constrained\" style=\"margin-top:0px;margin-bottom:0px;padding-top:0px;padding-right:0px;padding-bottom:0px;padding-left:0px\">\n<div class=\"wp-block-group has-global-padding is-layout-constrained wp-block-group-is-layout-constrained\" style=\"margin-top:0px;margin-bottom:0px;padding-top:0px;padding-right:0px;padding-bottom:0px;padding-left:0px\">\n<p><\/p>\n<\/div>\n<\/div>\n<\/div>\n<\/div>\n<\/div>\n","protected":false},"excerpt":{"rendered":"<p>Itinerario de Viaje Itinerario de Viaje D\u00cdA 01. &#8211; PICK UP APTO Y TRASLADO AL HOTEL. Recepci\u00f3n al aeropuerto de la ciudad de Oaxaca en el horario indicado y traslado al hotel, el resto del d\u00eda ser\u00e1 libre. D\u00cdA 02 _ SNTA. MA. EL TULE \u2013 TEOTITL\u00c1N \u2013 MITLA \u2013 HIERVE EL AGUA. Salida: 08:00 [&hellip;]<\/p>\n","protected":false},"author":1,"featured_media":0,"parent":0,"menu_order":0,"comment_status":"closed","ping_status":"closed","template":"","meta":{"footnotes":""},"_links":{"self":[{"href":"https:\/\/replica.dovatravel.com\/index.php\/wp-json\/wp\/v2\/pages\/444"}],"collection":[{"href":"https:\/\/replica.dovatravel.com\/index.php\/wp-json\/wp\/v2\/pages"}],"about":[{"href":"https:\/\/replica.dovatravel.com\/index.php\/wp-json\/wp\/v2\/types\/page"}],"author":[{"embeddable":true,"href":"https:\/\/replica.dovatravel.com\/index.php\/wp-json\/wp\/v2\/users\/1"}],"replies":[{"embeddable":true,"href":"https:\/\/replica.dovatravel.com\/index.php\/wp-json\/wp\/v2\/comments?post=444"}],"version-history":[{"count":5,"href":"https:\/\/replica.dovatravel.com\/index.php\/wp-json\/wp\/v2\/pages\/444\/revisions"}],"predecessor-version":[{"id":466,"href":"https:\/\/replica.dovatravel.com\/index.php\/wp-json\/wp\/v2\/pages\/444\/revisions\/466"}],"wp:attachment":[{"href":"https:\/\/replica.dovatravel.com\/index.php\/wp-json\/wp\/v2\/media?parent=444"}],"curies":[{"name":"wp","href":"https:\/\/api.w.org\/{rel}","templated":true}]}}