{"id":398,"date":"2024-03-11T05:09:37","date_gmt":"2024-03-11T05:09:37","guid":{"rendered":"https:\/\/replica.dovatravel.com\/?page_id=398"},"modified":"2024-03-13T03:41:52","modified_gmt":"2024-03-13T03:41:52","slug":"398-2","status":"publish","type":"page","link":"https:\/\/replica.dovatravel.com\/index.php\/398-2\/","title":{"rendered":"CHIAPAS BASICO"},"content":{"rendered":"\n<div class=\"wp-block-cover alignfull has-large-font-size\" style=\"margin-top:0px;margin-bottom:0px;min-height:608px\"><span aria-hidden=\"true\" class=\"wp-block-cover__background has-background-dim-0 has-background-dim\"><\/span><img loading=\"lazy\" decoding=\"async\" width=\"2560\" height=\"1920\" class=\"wp-block-cover__image-background wp-image-276\" alt=\"\" src=\"https:\/\/replica.dovatravel.com\/wp-content\/uploads\/2024\/02\/lorraine-mojica-hBnsSvayDIQ-unsplash-scaled.jpg\" data-object-fit=\"cover\" srcset=\"https:\/\/replica.dovatravel.com\/wp-content\/uploads\/2024\/02\/lorraine-mojica-hBnsSvayDIQ-unsplash-scaled.jpg 2560w, https:\/\/replica.dovatravel.com\/wp-content\/uploads\/2024\/02\/lorraine-mojica-hBnsSvayDIQ-unsplash-300x225.jpg 300w, https:\/\/replica.dovatravel.com\/wp-content\/uploads\/2024\/02\/lorraine-mojica-hBnsSvayDIQ-unsplash-1024x768.jpg 1024w, https:\/\/replica.dovatravel.com\/wp-content\/uploads\/2024\/02\/lorraine-mojica-hBnsSvayDIQ-unsplash-768x576.jpg 768w, https:\/\/replica.dovatravel.com\/wp-content\/uploads\/2024\/02\/lorraine-mojica-hBnsSvayDIQ-unsplash-1536x1152.jpg 1536w, https:\/\/replica.dovatravel.com\/wp-content\/uploads\/2024\/02\/lorraine-mojica-hBnsSvayDIQ-unsplash-2048x1536.jpg 2048w\" sizes=\"(max-width: 2560px) 100vw, 2560px\" \/><div class=\"wp-block-cover__inner-container is-layout-flow wp-block-cover-is-layout-flow\">\n<div class=\"wp-block-group has-global-padding is-layout-constrained wp-container-core-group-layout-2 wp-block-group-is-layout-constrained\">\n<div class=\"wp-block-group alignwide has-global-padding is-content-justification-left is-layout-constrained wp-container-core-group-layout-1 wp-block-group-is-layout-constrained\">\n<h1 class=\"wp-block-heading has-xxxx-large-font-size\" style=\"margin-top:16px;margin-right:0px;margin-bottom:0px;margin-left:0px;line-height:1\">5 D\u00edas 4 Noches<\/h1>\n\n\n\n<p class=\"has-text-color has-medium-font-size\" style=\"color:#ffffffcc;margin-top:24px;margin-right:0;margin-bottom:0px;margin-left:0;letter-spacing:-0.02em;line-height:1.8\">DESDE $13,550 por dos personas en habitaci\u00f3n doble (2X1)<\/p>\n\n\n\n<div class=\"wp-block-buttons is-layout-flex wp-block-buttons-is-layout-flex\" style=\"margin-top:48px;margin-bottom:0px\">\n<div class=\"wp-block-button has-custom-font-size is-style-bs-button-1 is-style-blockscape-button-icon-after\" style=\"font-size:18px;line-height:1.7\"><a class=\"wp-block-button__link wp-element-button\" href=\"https:\/\/wa.me\/+523332437943\" style=\"padding-top:16px;padding-right:32px;padding-bottom:16px;padding-left:32px\" target=\"_blank\" rel=\"noreferrer noopener\">Reserva aqu\u00ed<\/a><\/div>\n<\/div>\n<\/div>\n<\/div>\n<\/div><\/div>\n\n\n\n<div class=\"wp-block-group is-style-mob-pd_top-40 is-style-mob-pd_lr-25 has-primary-blue-gradient-background has-background has-global-padding is-layout-constrained wp-block-group-is-layout-constrained\" style=\"border-radius:12px;padding-top:80px;padding-right:64px;padding-bottom:0px;padding-left:64px\">\n<div class=\"wp-block-group has-global-padding is-content-justification-center is-layout-constrained wp-block-group-is-layout-constrained\" style=\"padding-top:0;padding-right:0;padding-bottom:0;padding-left:0\">\n<!DOCTYPE html>\n<html lang=\"es\">\n<head>\n    <meta charset=\"UTF-8\">\n    <meta name=\"viewport\" content=\"width=device-width, initial-scale=1.0\">\n    <title>Itinerario de Viaje<\/title>\n    <style>\n        body {\n            font-family: Arial, sans-serif;\n            background-color: #f2f2f2;\n            margin: 0;\n            padding: 0;\n        }\n        \n        .container {\n            max-width: 900px; \/* Aumentamos el ancho *\/\n            margin: 20px auto;\n            padding: 20px;\n            background: #fff;\n            border-radius: 8px;\n            box-shadow: 0 0 10px rgba(0, 0, 0, 0.1);\n            color: #333;\n        }\n        \n        h1 {\n            color: #007bff;\n            text-align: center;\n            margin-bottom: 20px;\n            font-size: 32px;\n        }\n        \n        .day {\n            margin-bottom: 30px;\n        }\n        \n        .day-title {\n            color: #007bff;\n            font-size: 24px;\n            margin-top: 0;\n            margin-bottom: 10px;\n        }\n        \n        p {\n            margin-bottom: 10px;\n            font-size: 16px;\n            line-height: 1.6;\n        }\n        \n        .includes {\n            background: #f9f9f9;\n            color: #333;\n            padding: 20px;\n            border-radius: 8px;\n            box-shadow: 0 0 10px rgba(0, 0, 0, 0.1);\n        }\n        \n        .includes h2 {\n            color: #007bff;\n            font-size: 20px;\n            margin-top: 0;\n            margin-bottom: 10px;\n        }\n        \n        .includes ul {\n            list-style-type: none;\n            padding: 0;\n            margin: 0;\n        }\n        \n        .includes ul li {\n            margin-bottom: 10px;\n            font-size: 16px;\n        }\n    <\/style>\n<\/head>\n<body>\n    <div class=\"container\">\n        <h1>Itinerario de Viaje<\/h1>\n        \n        <div class=\"day\">\n            <h2 class=\"day-title\">D\u00cdA 1. RECEPCI\u00d3N AEROPUERTO TGZ + CA\u00d1\u00d3N DEL SUMIDERO &#8211; CHIAPA DE CORZO<\/h2>\n            <p>Recepci\u00f3n en el aeropuerto de Tuxtla Guti\u00e9rrez a la hora fijada a su llegada y posteriormente nos dirigiremos al Ca\u00f1\u00f3n del Sumidero donde daremos un recorrido en lancha por el r\u00edo Grijalva para conocerlo.<\/p>\n            <p>Podr\u00e1n admirarse distintos animales silvestres propios de la zona, como son cocodrilos, monos ara\u00f1a y zopilotes. Al t\u00e9rmino de \u00e9ste visitaremos Chiapa de Corzo un pueblo m\u00e1gico que enaltece las costumbres chiapanecas, llenas de coloridas calles empedradas, mercados llenos de folklor, as\u00ed como emblem\u00e1ticos monumentos propios de la comunidad. Para finalizar nos dirigimos a San Crist\u00f3bal tarde libre.<\/p>\n        <\/div>\n        \n        <div class=\"day\">\n            <h2 class=\"day-title\">D\u00cdA 2. CASCADAS EL CHIFL\u00d3N-LAGOS DE MONTEBELLO<\/h2>\n            <p>Salida: 7:30am Regreso: 09:00 pm. Aprox.<\/p>\n            <p>Partimos hacia las Cascadas De El Chifl\u00f3n, que son una cadena de cascadas formado por el R\u00edo san Vicente, donde podremos ver las cascadas de El Suspiro, Ala de \u00c1ngel, Arco Iris, Quincea\u00f1era y la principal Velo de Chifl\u00f3n de 120m de altura, las cuales se pueden apreciar mediante el recorrido del sendero de 1km.<\/p>\n            <p>En seguida, salimos hacia Lagunas de Montebello, donde visitaremos Tziscao, Pojoj, La Encantada, Lago Ensue\u00f1o y Esmeralda. Al finalizar nos trasladamos a San Crist\u00f3bal.<\/p>\n        <\/div>\n        \n        <div class=\"day\">\n            <h2 class=\"day-title\">D\u00cdA 3. PUEBLOS IND\u00cdGENAS (ZINACANT\u00c1N Y SAN JUAN CHAMULA)<\/h2>\n            <p>Salida: 9:30am Regreso: 1:30pm.<\/p>\n            <p>Partimos desde San Crist\u00f3bal de las Casas hacia la comunidad de Zinacant\u00e1n; lugar de Murci\u00e9lagos, donde visitaremos a una familia. Podremos observar a las mujeres trabajar con el telar de cintura, una actividad prehisp\u00e1nica maya. Se har\u00e1 la degustaci\u00f3n de Pox, una bebida tradicional y nos adentraremos a la cocina para ver la Elaboraci\u00f3n de tortillas a mano en un fog\u00f3n. Posteriormente, visitamos San Juan Chamula, pueblo maya donde la poblaci\u00f3n habla el idioma tsotsil. Dentro de la Iglesia veremos rituales y ceremonias realizados por los Xamanes del pueblo, una mezcla de la religi\u00f3n con tradiciones y costumbres muy antiguas. Al finalizar tarde libre.<\/p>\n        <\/div>\n        \n        <div class=\"day\">\n            <h2 class=\"day-title\">D\u00cdA 4. CASCADAS DE AGUA AZUL \u2013 CASCADA DE MISOL HA \u2013 ZONA ARQUEOL\u00d3GICA DE PALENQUE<\/h2>\n            <p>Salida: 4:00am Regreso: 10:00pm.<\/p>\n            <p>Muy temprano en la ma\u00f1ana, saldremos hacia Palenque, haciendo escala en primera instancia en el parque Cascadas de Agua Azul, un conjunto natural que crea las corrientes de los r\u00edos Otul\u00fan, Shumulj\u00e1 y Tulij\u00e1, formando ca\u00f1ones profundos con acantilados verticales, donde se podr\u00e1 nadar y disfrutar de las diferentes \u00e1reas que componen al complejo. Despu\u00e9s, proseguiremos a la cascada de Misol-ha, que con sus 40 metros de altura, y rodeada por selva tropical alta, hacen de \u00e9ste, un hermoso y refrescante lugar. Terminando la visita nos trasladaremos a la gran ciudad de Palenque. \u00c9sta ciudad destaca por su acervo arquitect\u00f3nico y escult\u00f3rico; y en donde podremos admirar varias construcciones: el palacio, el templo de la cruz foliada, el templo del sol entre otras. Finalizamos a su regreso de nueva cuenta en la ciudad de San Crist\u00f3bal de las Casas.<\/p>\n        <\/div>\n        \n        <div class=\"day\">\n            <h2 class=\"day-title\">D\u00cdA 5. TRASLADO AL AEROPUERTO DE TUXTLA GUTIERREZ<\/h2>\n            <p>Este d\u00eda Finalizamos nuestros servicios traslad\u00e1ndolos al aeropuerto de Tuxtla Guti\u00e9rrez para tomar el vuelo de regreso.<\/p>\n        <\/div>\n        \n        <div class=\"includes\">\n            <h2>Incluye<\/h2>\n            <ul>\n                <li>Recepci\u00f3n aeropuerto Tuxtla Guti\u00e9rrez<\/li>\n                <li>Traslado aeropuerto Tuxtla Guti\u00e9rrez<\/li>\n                <li>Transportaci\u00f3n redonda modo compartida en los tours<\/li>\n                <li>Entrada a todos los lugares a visitar<\/li>\n                <li>4 noches de alojamiento en San Crist\u00f3bal en base doble<\/li>\n                <li>3 desayunos americanos<\/li>\n                <li>1 box lunch (tour a Palenque)<\/li>\n                <li>Entrada en la lancha del Ca\u00f1\u00f3n del Sumidero. Compartida<\/li>\n                <li>Gu\u00eda en la zona arqueol\u00f3gica de Palenque<\/li>\n                <li>Gu\u00eda en pueblos ind\u00edgenas<\/li>\n                <li>Seguro de viajero b\u00e1sico<\/li>\n                <li>Servicio compartido<\/li>\n            <\/ul>\n        <\/div>\n    <\/div>\n<\/body>\n<\/html>\n\n\n\n<p class=\"has-text-align-left has-white-color has-text-color has-x-large-font-size\" style=\"margin-top:0px;margin-right:0px;margin-bottom:0px;margin-left:0px;line-height:1.3\"> <\/p>\n\n\n\n<div class=\"wp-block-columns is-layout-flex wp-container-core-columns-layout-1 wp-block-columns-is-layout-flex\">\n<div class=\"wp-block-column is-vertically-aligned-center is-layout-flow wp-block-column-is-layout-flow\" style=\"flex-basis:45%\"><\/div>\n<\/div>\n<\/div>\n<\/div>\n\n\n\n<div class=\"wp-block-group alignwide is-layout-flow wp-block-group-is-layout-flow\" style=\"margin-top:0px;margin-bottom:0px;padding-top:0px;padding-right:24px;padding-bottom:0px;padding-left:24px\">\n<div class=\"wp-block-columns is-layout-flex wp-container-core-columns-layout-2 wp-block-columns-is-layout-flex\" style=\"margin-top:0px;margin-bottom:0px;padding-top:0px;padding-right:0px;padding-bottom:0px;padding-left:0px\">\n<div class=\"wp-block-column is-layout-flow wp-block-column-is-layout-flow\" style=\"border-top-style:none;border-top-width:0px;border-right-color:var(--wp--preset--color--section-bg);border-right-width:1px;border-bottom-style:none;border-bottom-width:0px;border-left-style:none;border-left-width:0px;padding-top:0px;padding-right:72px;padding-bottom:0px;padding-left:0px\">\n<div class=\"wp-block-group has-global-padding is-layout-constrained wp-block-group-is-layout-constrained\" style=\"margin-top:0px;margin-bottom:0px;padding-top:0px;padding-right:0px;padding-bottom:0px;padding-left:0px\">\n<div class=\"wp-block-group has-global-padding is-layout-constrained wp-block-group-is-layout-constrained\" style=\"margin-top:0px;margin-bottom:0px;padding-top:0px;padding-right:0px;padding-bottom:0px;padding-left:0px\">\n<p><\/p>\n<\/div>\n<\/div>\n<\/div>\n<\/div>\n<\/div>\n","protected":false},"excerpt":{"rendered":"<p>Itinerario de Viaje Itinerario de Viaje D\u00cdA 1. RECEPCI\u00d3N AEROPUERTO TGZ + CA\u00d1\u00d3N DEL SUMIDERO &#8211; CHIAPA DE CORZO Recepci\u00f3n en el aeropuerto de Tuxtla Guti\u00e9rrez a la hora fijada a su llegada y posteriormente nos dirigiremos al Ca\u00f1\u00f3n del Sumidero donde daremos un recorrido en lancha por el r\u00edo Grijalva para conocerlo. Podr\u00e1n admirarse [&hellip;]<\/p>\n","protected":false},"author":1,"featured_media":0,"parent":0,"menu_order":0,"comment_status":"closed","ping_status":"closed","template":"","meta":{"footnotes":""},"_links":{"self":[{"href":"https:\/\/replica.dovatravel.com\/index.php\/wp-json\/wp\/v2\/pages\/398"}],"collection":[{"href":"https:\/\/replica.dovatravel.com\/index.php\/wp-json\/wp\/v2\/pages"}],"about":[{"href":"https:\/\/replica.dovatravel.com\/index.php\/wp-json\/wp\/v2\/types\/page"}],"author":[{"embeddable":true,"href":"https:\/\/replica.dovatravel.com\/index.php\/wp-json\/wp\/v2\/users\/1"}],"replies":[{"embeddable":true,"href":"https:\/\/replica.dovatravel.com\/index.php\/wp-json\/wp\/v2\/comments?post=398"}],"version-history":[{"count":34,"href":"https:\/\/replica.dovatravel.com\/index.php\/wp-json\/wp\/v2\/pages\/398\/revisions"}],"predecessor-version":[{"id":443,"href":"https:\/\/replica.dovatravel.com\/index.php\/wp-json\/wp\/v2\/pages\/398\/revisions\/443"}],"wp:attachment":[{"href":"https:\/\/replica.dovatravel.com\/index.php\/wp-json\/wp\/v2\/media?parent=398"}],"curies":[{"name":"wp","href":"https:\/\/api.w.org\/{rel}","templated":true}]}}