{"id":318,"date":"2024-03-02T21:30:04","date_gmt":"2024-03-02T21:30:04","guid":{"rendered":"https:\/\/replica.dovatravel.com\/?page_id=318"},"modified":"2024-03-02T21:30:54","modified_gmt":"2024-03-02T21:30:54","slug":"aviso-de-privacidad","status":"publish","type":"page","link":"https:\/\/replica.dovatravel.com\/index.php\/aviso-de-privacidad\/","title":{"rendered":"Aviso de Privacidad"},"content":{"rendered":"\n<div class=\"wp-block-group alignwide is-style-box-shadow-one is-layout-flow wp-block-group-is-layout-flow\" style=\"margin-top:0px;margin-bottom:0px;padding-top:0px;padding-right:0px;padding-bottom:0px;padding-left:0px\">\n<div class=\"wp-block-media-text alignwide has-media-on-the-right is-stacked-on-mobile is-image-fill has-primary-blue-gradient-background has-background\" style=\"margin-top:0px;margin-right:0px;margin-bottom:0px;margin-left:0px;padding-top:0px;padding-right:0px;padding-bottom:0px;padding-left:0px\"><div class=\"wp-block-media-text__content\">\n<div style=\"margin-top:0px;margin-bottom:0px;height:80px\" aria-hidden=\"true\" class=\"wp-block-spacer is-style-has-mb-30\"><\/div>\n\n\n\n<div class=\"wp-block-group is-layout-flow wp-block-group-is-layout-flow\" style=\"margin-top:0px;margin-bottom:0px;padding-top:0px;padding-right:0px;padding-bottom:0px;padding-left:0px\">\n<h2 class=\"wp-block-heading has-white-color has-text-color\" style=\"margin-top:20px;margin-right:0px;margin-bottom:20px;margin-left:0px;padding-top:0px;padding-right:0px;padding-bottom:0px;padding-left:0px\">Aviso de Privacidad<\/h2>\n\n\n\n<p class=\"has-text-color has-medium-font-size\" style=\"color:#ffffffcc;margin-top:0px;margin-right:0px;margin-bottom:20px;margin-left:0px;padding-top:0px;padding-right:0px;padding-bottom:0px;padding-left:0px\"><\/p>\n\n\n\n<p class=\"has-text-color has-medium-font-size\" style=\"color:#ffffffcc;margin-top:0px;margin-right:0px;margin-bottom:20px;margin-left:0px;padding-top:0px;padding-right:0px;padding-bottom:0px;padding-left:0px\">Una vez que el usuario accede a este sitio, se conserva en los servidores de Dova Travel cierta informaci\u00f3n sobre el usuario, como las direcciones asignadas por el Protocolo de Internet (IP), la navegaci\u00f3n por el sitio, el programa inform\u00e1tico utilizado y el tiempo empleado, junto con otros datos similares.<\/p>\n\n\n\n<p class=\"has-text-color has-medium-font-size\" style=\"color:#ffffffcc;margin-top:0px;margin-right:0px;margin-bottom:20px;margin-left:0px;padding-top:0px;padding-right:0px;padding-bottom:0px;padding-left:0px\">Esta informaci\u00f3n no identificar\u00e1 concretamente al usuario y se utilizar\u00e1 internamente s\u00f3lo para analizar el tr\u00e1fico del sitio. Si el usuario revela alguna informaci\u00f3n singular que lo identifique, como su nombre, direcci\u00f3n u otros datos, en formularios almacenados en este sitio, dicha informaci\u00f3n se utilizar\u00e1 s\u00f3lo para fines estad\u00edsticos y no ser\u00e1 objeto de difusi\u00f3n general. Sin embargo, Dova Travel no ser\u00e1n en modo alguno responsables de la seguridad de esa informaci\u00f3n.<\/p>\n<\/div>\n\n\n\n<div style=\"margin-top:0px;margin-bottom:0px;height:80px\" aria-hidden=\"true\" class=\"wp-block-spacer is-style-has-mb-30\"><\/div>\n<\/div><figure class=\"wp-block-media-text__media\" style=\"background-image:url(https:\/\/replica.dovatravel.com\/wp-content\/uploads\/2024\/02\/dominican-republic-resort-beach_CHEAPCARIBBEAN1122-566256854c92410181d6eeb29cad60a8-1024x683.webp);background-position:50% 50%\"><img loading=\"lazy\" decoding=\"async\" width=\"1024\" height=\"683\" src=\"https:\/\/replica.dovatravel.com\/wp-content\/uploads\/2024\/02\/dominican-republic-resort-beach_CHEAPCARIBBEAN1122-566256854c92410181d6eeb29cad60a8-1024x683.webp\" alt=\"\" class=\"wp-image-252 size-full\" srcset=\"https:\/\/replica.dovatravel.com\/wp-content\/uploads\/2024\/02\/dominican-republic-resort-beach_CHEAPCARIBBEAN1122-566256854c92410181d6eeb29cad60a8-1024x683.webp 1024w, https:\/\/replica.dovatravel.com\/wp-content\/uploads\/2024\/02\/dominican-republic-resort-beach_CHEAPCARIBBEAN1122-566256854c92410181d6eeb29cad60a8-300x200.webp 300w, https:\/\/replica.dovatravel.com\/wp-content\/uploads\/2024\/02\/dominican-republic-resort-beach_CHEAPCARIBBEAN1122-566256854c92410181d6eeb29cad60a8-768x512.webp 768w, https:\/\/replica.dovatravel.com\/wp-content\/uploads\/2024\/02\/dominican-republic-resort-beach_CHEAPCARIBBEAN1122-566256854c92410181d6eeb29cad60a8.webp 1500w\" sizes=\"(max-width: 1024px) 100vw, 1024px\" \/><\/figure><\/div>\n<\/div>\n\n\n\n<div class=\"wp-block-group is-style-default has-global-padding is-layout-constrained wp-block-group-is-layout-constrained\" style=\"margin-top:0px;margin-bottom:0px;padding-top:0px;padding-right:15px;padding-bottom:0px;padding-left:15px\"><\/div>\n","protected":false},"excerpt":{"rendered":"<p>Aviso de Privacidad Una vez que el usuario accede a este sitio, se conserva en los servidores de Dova Travel cierta informaci\u00f3n sobre el usuario, como las direcciones asignadas por el Protocolo de Internet (IP), la navegaci\u00f3n por el sitio, el programa inform\u00e1tico utilizado y el tiempo empleado, junto con otros datos similares. Esta informaci\u00f3n [&hellip;]<\/p>\n","protected":false},"author":1,"featured_media":0,"parent":0,"menu_order":0,"comment_status":"closed","ping_status":"closed","template":"","meta":{"footnotes":""},"_links":{"self":[{"href":"https:\/\/replica.dovatravel.com\/index.php\/wp-json\/wp\/v2\/pages\/318"}],"collection":[{"href":"https:\/\/replica.dovatravel.com\/index.php\/wp-json\/wp\/v2\/pages"}],"about":[{"href":"https:\/\/replica.dovatravel.com\/index.php\/wp-json\/wp\/v2\/types\/page"}],"author":[{"embeddable":true,"href":"https:\/\/replica.dovatravel.com\/index.php\/wp-json\/wp\/v2\/users\/1"}],"replies":[{"embeddable":true,"href":"https:\/\/replica.dovatravel.com\/index.php\/wp-json\/wp\/v2\/comments?post=318"}],"version-history":[{"count":3,"href":"https:\/\/replica.dovatravel.com\/index.php\/wp-json\/wp\/v2\/pages\/318\/revisions"}],"predecessor-version":[{"id":321,"href":"https:\/\/replica.dovatravel.com\/index.php\/wp-json\/wp\/v2\/pages\/318\/revisions\/321"}],"wp:attachment":[{"href":"https:\/\/replica.dovatravel.com\/index.php\/wp-json\/wp\/v2\/media?parent=318"}],"curies":[{"name":"wp","href":"https:\/\/api.w.org\/{rel}","templated":true}]}}